{"id":1184,"date":"2019-10-23T21:11:32","date_gmt":"2019-10-23T19:11:32","guid":{"rendered":"https:\/\/anton-dresden.de\/?page_id=1184"},"modified":"2019-10-23T21:14:53","modified_gmt":"2019-10-23T19:14:53","slug":"buffet-komplett","status":"publish","type":"page","link":"https:\/\/anton-dresden.de\/?page_id=1184","title":{"rendered":"Buffet \u00dcbersicht"},"content":{"rendered":"<hr \/>\n<p>Unsere R\u00e4umlichkeiten eignen sich f\u00fcr Feierlichkeiten aller Art. Speziell f\u00fcr solche Anl\u00e4sse haben wir unsere Buffetvarianten f\u00fcr jedes Budget und jede Geschmacksrichtung f\u00fcr Sie bereitgestellt. Alle Buffets sind miteinander kombinierbar.<br \/>\n<br \/>\nAnmietung Gew\u00f6lbe zum Speisen und Trinken &#8211; 100 \u20ac; diese entf\u00e4llt ab einem Umsatz von mindestens 500 \u20ac<br \/>\nAnmietung als Party &#8211; 150 \u20ac zzgl. 100 \u20ac Kaution<\/p>\n<hr \/>\n<h2>VERK\u00dcRZTE KARTE<\/h2>\n<h4>| F\u00dcR GRUPPEN AB 15 PERSONEN |<\/h4>\n<hr \/>\n[menu group=&#8220;verkuerzte-karte&#8220;]\n<p>&nbsp;<br \/>\n<center>Kurzfristige \u00c4nderungen vorbehalten.<\/center><br \/>\n&nbsp;<\/p>\n<hr \/>\n[menu group=&#8220;buffet-variante-1&#8243;]\n[menu group=&#8220;buffet-variante-2&#8243;]\n[menu group=&#8220;buffet-variante-3&#8243;]\n<p><span style=\"color: #808080; margin-left:25px;\"><a style=\"color: #808080; \" href=\"https:\/\/anton-dresden.de\/wordpress\/wp-content\/uploads\/2016\/10\/buffet.pdf\" target=\"_blank\" rel=\"\">Download und Druck der Buffetkarte<\/a><\/span><\/p>\n<hr \/>\n<h2>WEIHNACHTEN<\/h2>\n<hr \/>\n<p>F\u00fcr Weihnachstfeiern ab 15 Personen stellen wir Ihnen gerne unser Gew\u00f6lbe zur Verf\u00fcgung.<br \/>\nHier empfehlen wir eins unserer festlichen Buffets. Die Auswahl eines Weihnachtsbuffets empfehlen wir ebenfalls ab 15 Personen.<\/p>\n<hr \/>\n[menu group=&#8220;weihnachstbuffet&#8220;]\n<h3 style=\"text-align: left; padding-left: 30px;\">oder<\/h3>\n<hr style=\"padding-left: 30px;\" \/>\n<h3 style=\"text-align: left; padding-left: 30px;\">ALL INKLUSIVE<\/h3>\n<h4 style=\"text-align: left; padding-left: 30px;\">GUTES ESSEN + GETR\u00c4NKE<\/h4>\n<hr style=\"padding-left: 30px;\" \/>\n<h4 style=\"text-align: left; padding-left: 30px;\">Das Weihnachstbuffet und &#8230;<\/h4>\n<p style=\"text-align: left; padding-left: 30px;\">BIER, WEIN, PROSECCO, S\u00c4FTE, WASSER DAZU GL\u00dcHWEINEMPFANG POPCORN<\/p>\n<p style=\"text-align: left; padding-left: 30px;\">&#8211; SOVIEL REINGEHT &#8211;<\/p>\n<hr style=\"padding-left: 30px;\" \/>\n<p style=\"text-align: left; padding-left: 30px;\">F\u00dcR CHRISTLICHE 39,99 \u20ac PRO PERSON<\/p>\n<p style=\"text-align: left; padding-left: 30px;\">RESERVIEREN SIE IHRE WEIHNACHTSFEIER MIT DER FIRMA ODER MIT FREUNDEN<\/p>\n<hr style=\"padding-left: 30px;\" \/>\n<p style=\"text-align: left; padding-left: 30px;\">&#8211; f\u00fcr die genauen Inhalte, sprechen Sie uns einfach an &#8211; wir beraten Sie gerne &#8211;<\/p>\n","protected":false},"excerpt":{"rendered":"<p>Unsere R\u00e4umlichkeiten eignen sich f\u00fcr Feierlichkeiten aller Art. Speziell f\u00fcr solche Anl\u00e4sse haben wir unsere Buffetvarianten f\u00fcr jedes Budget und jede Geschmacksrichtung f\u00fcr Sie bereitgestellt. [&hellip;]<\/p>\n","protected":false},"author":1,"featured_media":0,"parent":0,"menu_order":0,"comment_status":"closed","ping_status":"closed","template":"page-full.php","meta":{"novablocks_hero_scroll_indicator":false,"novablocks_hero_position_indicators":false},"_links":{"self":[{"href":"https:\/\/anton-dresden.de\/index.php?rest_route=\/wp\/v2\/pages\/1184"}],"collection":[{"href":"https:\/\/anton-dresden.de\/index.php?rest_route=\/wp\/v2\/pages"}],"about":[{"href":"https:\/\/anton-dresden.de\/index.php?rest_route=\/wp\/v2\/types\/page"}],"author":[{"embeddable":true,"href":"https:\/\/anton-dresden.de\/index.php?rest_route=\/wp\/v2\/users\/1"}],"replies":[{"embeddable":true,"href":"https:\/\/anton-dresden.de\/index.php?rest_route=%2Fwp%2Fv2%2Fcomments&post=1184"}],"version-history":[{"count":4,"href":"https:\/\/anton-dresden.de\/index.php?rest_route=\/wp\/v2\/pages\/1184\/revisions"}],"predecessor-version":[{"id":1189,"href":"https:\/\/anton-dresden.de\/index.php?rest_route=\/wp\/v2\/pages\/1184\/revisions\/1189"}],"wp:attachment":[{"href":"https:\/\/anton-dresden.de\/index.php?rest_route=%2Fwp%2Fv2%2Fmedia&parent=1184"}],"curies":[{"name":"wp","href":"https:\/\/api.w.org\/{rel}","templated":true}]}}