{"id":1829,"date":"2014-05-30T12:07:17","date_gmt":"2014-05-30T12:07:17","guid":{"rendered":""},"modified":"2022-04-10T12:57:35","modified_gmt":"2022-04-10T10:57:35","slug":"reservations","status":"publish","type":"page","link":"https:\/\/anton-dresden.de\/?page_id=1829","title":{"rendered":""},"content":{"rendered":"\n\t\t<div \t\t\tclass=\"novablocks-hero novablocks-doppler alignfull novablocks-u-valign-center novablocks-u-halign-center novablocks-u-spacing-small novablocks-u-content-width-full novablocks-u-background novablocks-u-background-none sm-palette-1 sm-variation-12 scrolling-effect-parallax\"\n\t\t\tstyle=\"--novablocks-block-top-spacing: 1; --novablocks-block-bottom-spacing: 0; --novablocks-emphasis-top-spacing: 0; --novablocks-emphasis-bottom-spacing: 0; --novablocks-hero-text-color: #FFF;min-height: calc(50* var(--novablocks-1vh, 1vh)); \"\n\t\t\tdata-min-height-fallback='50' data-defaults-generated='1' data-template-inserted='1' data-overlay-filter-style='none' data-content-padding='small' data-content-width='full' data-block-index='2' data-scroll-indicator='' data-position-indicators='1' data-display-inner-content='1' data-palette='1' data-palette-variation='12' data-use-source-color-as-reference='' data-color-signal='3' data-content-color-signal='0' data-content-position='center center' data-focal-point='{&quot;x&quot;:0.5,&quot;y&quot;:0.5}' data-final-focal-point='{&quot;x&quot;:0.5,&quot;y&quot;:0.5}' data-initial-background-scale='1' data-final-background-scale='1' data-scroll-indicator-block='' data-scrolling-effect='parallax' data-motion-preset='standard-dynamic' data-follow-through-start='1' data-follow-through-end='1' data-content-color='#FFF' data-overlay-filter-strength='30' data-emphasis-by-space='1' data-enable-overlapping='' data-block-top-spacing='1' data-block-bottom-spacing='0' data-emphasis-top-spacing='0' data-emphasis-bottom-spacing='0' data-anchor=''\t\t>\n\n\t\t\t\n\t\t\t<div class=\"novablocks-doppler__mask  novablocks-doppler__wrapper\">\n\t\t\t\t<img width=\"980\" height=\"564\" src=\"https:\/\/anton-dresden.de\/wordpress\/wp-content\/uploads\/2021\/04\/stock_7.jpg\" class=\"novablocks-hero__media  novablocks-doppler__target\" alt=\"\" loading=\"lazy\" style=\"object-position: 50% 50%;\" srcset=\"https:\/\/anton-dresden.de\/wordpress\/wp-content\/uploads\/2021\/04\/stock_7.jpg 980w, https:\/\/anton-dresden.de\/wordpress\/wp-content\/uploads\/2021\/04\/stock_7-300x173.jpg 300w, https:\/\/anton-dresden.de\/wordpress\/wp-content\/uploads\/2021\/04\/stock_7-768x442.jpg 768w, https:\/\/anton-dresden.de\/wordpress\/wp-content\/uploads\/2021\/04\/stock_7-250x144.jpg 250w, https:\/\/anton-dresden.de\/wordpress\/wp-content\/uploads\/2021\/04\/stock_7-480x276.jpg 480w\" sizes=\"(max-width: 980px) 100vw, 980px\" \/>\n\t\t\t\t\t\t\t<\/div>\n            <div class=\"novablocks-hero__foreground novablocks-doppler__foreground novablocks-u-content-padding novablocks-u-content-align\" style=\"min-height: calc(50 * var(--novablocks-1vh, 1vh)); \">\n                <div class=\"novablocks-hero__inner-container wp-block-group__inner-container novablocks-u-content-width\" style=\"\">\n\t\t\t\t\t\n\n<h1 class=\"wp-block-novablocks-headline c-headline has-text-align-center has-larger-font-size\"><span class=\"c-headline__secondary\">online<\/span> <span class=\"c-headline__primary\"><strong>Reservierung<\/strong><\/span><\/h1>\n\n\n\n<p class=\"is-style-lead\">Einen Tisch online zu reservieren ist einfach und dauert nur ein paar Minuten.<\/p>\n\n                <\/div>\n\t\t\t\t            <\/div>\n\n\t\t\t\n        <\/div>\n\n\t\t\n\n\n        <div\n\t\t\tclass=\"novablocks-u-valign-center novablocks-u-halign-center novablocks-media has-image-on-the-right alignfull\"\n\t\t\tstyle=\"--novablocks-block-top-spacing:1;--novablocks-block-bottom-spacing:0;--novablocks-emphasis-top-spacing:0;--novablocks-emphasis-bottom-spacing:0;--emphasis-area:100;--novablocks-media-content-width:50%;--novablocks-media-gutter:calc( 10 * var(--novablocks-media-spacing) * 5 \/ 100 );--card-content-padding: 100;\"\n\t\t\tdata-media-position='right' data-upgraded-to-moderate='1' data-container-height='0' data-defaults-generated='1' data-blobs-enable-mask='' data-blob-sides='3' data-blob-pattern-seed='3' data-blob-complexity='0' data-blob-smoothness='33' data-blob-rotation='0' data-blobs-enable-decoration='' data-blob-mask-sides='3' data-blob-mask-pattern-seed='3' data-blob-mask-complexity='0' data-blob-mask-smoothness='33' data-blob-mask-rotation='0' data-blobs-size-balance='50' data-blobs-horizontal-displacement='50' data-blobs-vertical-displacement='50' data-style-preset='the-cloud-atlas' data-size-contrast='0' data-position-shift='0' data-elements-distance='20' data-placement-variation='25' data-image-rotation='0' data-image-resizing='cropped' data-object-position='50' data-level='2' data-card-title-level='3' data-collection-title-level='2' data-card-media-opacity='100' data-metadata-position='above-title' data-thumbnail-aspect-ratio-string='landscape' data-thumbnail-aspect-ratio='50' data-image-padding='0' data-content-padding='100' data-palette='1' data-palette-variation='1' data-use-source-color-as-reference='' data-color-signal='0' data-content-color-signal='0' data-content-position='center center' data-emphasis-by-space='1' data-enable-overlapping='' data-block-top-spacing='1' data-block-bottom-spacing='0' data-emphasis-top-spacing='0' data-emphasis-bottom-spacing='0' data-layout-gutter='10' data-balance-emphasis='0' data-balance-focal-point='content' data-content-area-width='50' data-content-style='moderate' data-layout-preset='stable' data-template-inserted='' data-emphasis-area='100'\t\t>\n            <div class=\"content-is-moderate novablocks-block sm-palette-1 sm-variation-1 sm-variation-1@below-tablet\">\n\t            <div class=\"wp-block-group__inner-container\">\n\t\t            <div class=\"wp-block alignwide\">\n\t\t                <div class=\"novablocks-media__layout\">\n\t\t\t\t\t\t\t\t\t\t\t\t\t\t\t<div class=\"novablocks-media__content\">\n\t\t\t\t\t\t\t\t\t<div class=\"novablocks-media__inner-container novablocks-block__content sm-palette-1 sm-variation-1\">\n\t\t\t\t\t\t\t\t\t\t\n\n<h2 class=\"wp-block-novablocks-headline c-headline has-text-align-center has-larger-font-size\"><span class=\"c-headline__secondary\">Tisch<\/span> <span class=\"c-headline__primary\">reservieren<\/span><\/h2>\n\n\n\t\t\t<div class=\"wp-block-separator wp-block-separator is-style-flower is-style-simple\">\n                \n        <div class=\"c-separator\">\n            <div class=\"c-separator__arrow c-separator__arrow--left\"><\/div>\n            <div class=\"c-separator__line c-separator__line--left\"><\/div>\n            <div class=\"c-separator__symbol\">\n                <span><svg width=\"31\" height=\"20\" viewBox=\"0 0 31 20\" fill=\"none\" xmlns=\"http:\/\/www.w3.org\/2000\/svg\"><path d=\"M30.721 6.3114c0 .599-.2647 1.1494-.7941 1.651-.5155.5016-1.2679.8777-2.2571 1.1285-5.6984 1.4768-8.7774 2.2153-9.2372 2.2153-.5434 0-.815-.1394-.815-.418 0-.2229.3204-.5294.9613-.9195.2647-.1672 1.1842-.6758 2.7586-1.5257 2.9816-1.6161 4.5072-2.4381 4.5768-2.466 1.3375-.6548 2.4243-.9822 3.2602-.9822 1.031 0 1.5465.4389 1.5465 1.3166zm-4.8485-3.1766c0 .4598-.3553 1.0031-1.0658 1.63-.3901.3345-1.3654 1.059-2.9258 2.1735-2.9676 2.1178-4.6604 3.1766-5.0784 3.1766-.209 0-.3762-.1393-.5016-.418l.2508-.585c.836-.8639 1.7346-1.8531 2.696-2.9677 1.0309-1.1982 1.637-1.8948 1.8181-2.0899 1.4908-1.5743 2.7796-2.3615 3.8663-2.3615.6269 0 .9404.4807.9404 1.442zm-9.0073-.9613c0 .195-.0975.7035-.2926 1.5256l-.7523 2.8422c-.2926 1.0867-.4668 1.9854-.5225 2.6959-.0279.404-.0627.6548-.1045.7523-.0418.1394-.1393.209-.2926.209-.1532 0-.2508-.0627-.2926-.1881 0-.0139-.0278-.195-.0835-.5433-.1394-.8499-.418-2.2292-.836-4.138-.3204-1.4071-.4807-2.4103-.4807-3.0094 0-.7105.1812-1.2748.5434-1.6927.3762-.418.8638-.627 1.4629-.627.4737 0 .8638.209 1.1703.627.3205.404.4807.9195.4807 1.5465zm-3.2602 7.9414c0 .2787-.1463.418-.4389.418-.1253 0-.5782-.3065-1.3584-.9195-.9334-.7245-2.0202-1.658-3.2602-2.8004a185.9607 185.9607 0 0 1-2.4451-2.2362c-.5852-.599-.8777-1.1634-.8777-1.6928 0-.404.1462-.7593.4388-1.0658.3065-.3065.6827-.4598 1.1286-.4598.6966 0 1.3305.3135 1.9017.9404.2648.2787.8011 1.052 1.6092 2.3198 2.2014 3.4134 3.302 5.2456 3.302 5.4963zm3.9081 3.4065c0 .5155-.209.9265-.627 1.233-.3065.209-.6061.411-.8986.6061-.209.2508-.3135 1.1982-.3135 2.8422 0 .6688-.0209 1.1146-.0627 1.3375-.0697.3065-.216.4598-.4389.4598-.195 0-.3135-.3622-.3553-1.0867-.0975-1.853-.1672-2.9955-.209-3.4274-.4597-.3344-.8289-.7245-1.1076-1.1703-.2229-.3762-.3344-.6827-.3344-.9196 0-.5573.2021-1.0449.6061-1.4629.418-.4319.8917-.6478 1.4211-.6478.6688 0 1.2191.2159 1.651.6478.4458.4319.6688.9614.6688 1.5883zm-5.2874-2.2361c0 .2925-.1184.4388-.3553.4388-.2368 0-.7036-.1184-1.4002-.3552a545.5275 545.5275 0 0 0-2.5705-.8778C4.8764 9.488 2.9119 8.7565 2.0063 8.2968.6688 7.614 0 6.8478 0 5.9979c0-.8917.627-1.3375 1.8809-1.3375.5015 0 1.3862.3901 2.6541 1.1703 1.0031.627 2.6193 1.7416 4.8485 3.3438.1672.1115.8568.5852 2.069 1.4211.5155.3483.7732.5782.7732.6897z\" fill=\"currentColor\"\/><\/svg>\n<\/span>\n            <\/div>\n            <div class=\"c-separator__line c-separator__line--right\"><\/div>\n            <div class=\"c-separator__arrow c-separator__arrow--right\"><\/div>\n        <\/div>\n\t\t\t\t\t<\/div>\n\t\t\n\n\n<p class=\"has-text-align-center\">Sie k\u00f6nnen \u00fcber unseren Partner einen Tisch bei uns reservieren.<\/p>\n\n\n\n<script data-resmio-button=\"anton-kneipe-restaurant\"> (function(d, s) { var js, rjs = d.getElementsByTagName(s)[0]; js = d.createElement(s); js.src = \"\/\/static.resmio.com\/static\/de\/button.js\"; js.async = true; rjs.parentNode.insertBefore(js, rjs); }(document, \"script\") ); <\/script>\n\n\n\n<p><\/p>\n\n\t\t\t\t\t\t\t\t\t<\/div>\n\t\t\t\t\t\t\t\t<\/div>\n\t\t\t\t\t\t\t\t\t                    <div class=\"novablocks-media__aside\">\n\t\t\t                    <div class=\"novablocks-advanced-gallery\" data-media-position='right' data-upgraded-to-moderate='1' data-container-height='0' data-defaults-generated='1' data-blobs-enable-mask='' data-blob-sides='3' data-blob-pattern-seed='3' data-blob-complexity='0' data-blob-smoothness='33' data-blob-rotation='0' data-blobs-enable-decoration='' data-blob-mask-sides='3' data-blob-mask-pattern-seed='3' data-blob-mask-complexity='0' data-blob-mask-smoothness='33' data-blob-mask-rotation='0' data-blobs-size-balance='50' data-blobs-horizontal-displacement='50' data-blobs-vertical-displacement='50' data-style-preset='the-cloud-atlas' data-size-contrast='0' data-position-shift='0' data-elements-distance='20' data-placement-variation='25' data-image-rotation='0' data-image-resizing='cropped' data-object-position='50' data-level='2' data-card-title-level='3' data-collection-title-level='2' data-card-media-opacity='100' data-metadata-position='above-title' data-thumbnail-aspect-ratio-string='landscape' data-thumbnail-aspect-ratio='50' data-image-padding='0' data-content-padding='100' data-palette='1' data-palette-variation='1' data-use-source-color-as-reference='' data-color-signal='0' data-content-color-signal='0' data-content-position='center center' data-emphasis-by-space='1' data-enable-overlapping='' data-block-top-spacing='1' data-block-bottom-spacing='0' data-emphasis-top-spacing='0' data-emphasis-bottom-spacing='0' data-layout-gutter='10' data-balance-emphasis='0' data-balance-focal-point='content' data-content-area-width='50' data-content-style='moderate' data-layout-preset='stable' data-template-inserted='' data-emphasis-area='100' style=\"--novablocks-advanced-gallery-aspect-ratio: 25%\"><div class=\"novablocks-advanced-gallery__grid\"><div class=\"novablocks-advanced-gallery__grid-item\"><div class=\"novablocks-advanced-gallery__grid-item-media\"><img class=\"novablocks-advanced-gallery__image\" src=\"https:\/\/anton-dresden.de\/wordpress\/wp-content\/uploads\/2016\/03\/kellergewoelbe_07.jpg\" \/><\/div><\/div><\/div><\/div>\t\t                    <\/div>\n\t\t                <\/div>\n\t\t            <\/div>\n\t            <\/div>\n            <\/div>\n        <\/div>\n\n\t\t\n\n\n\t\t<div \t\t\tclass=\"novablocks-hero novablocks-doppler alignfull novablocks-u-valign-center novablocks-u-halign-center novablocks-u-spacing-small novablocks-u-content-width-full novablocks-u-background novablocks-u-background-none sm-palette-1 sm-variation-12 scrolling-effect-parallax\"\n\t\t\tstyle=\"--novablocks-block-top-spacing: 1; --novablocks-block-bottom-spacing: 0; --novablocks-emphasis-top-spacing: 0; --novablocks-emphasis-bottom-spacing: 0; --novablocks-hero-text-color: #FFF;min-height: calc(50* var(--novablocks-1vh, 1vh)); \"\n\t\t\tdata-min-height-fallback='50' data-defaults-generated='1' data-template-inserted='1' data-overlay-filter-style='none' data-content-padding='small' data-content-width='full' data-block-index='4' data-scroll-indicator='' data-position-indicators='1' data-display-inner-content='1' data-palette='1' data-palette-variation='12' data-use-source-color-as-reference='' data-color-signal='3' data-content-color-signal='0' data-content-position='center center' data-focal-point='{&quot;x&quot;:0.5,&quot;y&quot;:0.5}' data-final-focal-point='{&quot;x&quot;:0.5,&quot;y&quot;:0.5}' data-initial-background-scale='1' data-final-background-scale='1' data-scroll-indicator-block='' data-scrolling-effect='parallax' data-motion-preset='standard-dynamic' data-follow-through-start='1' data-follow-through-end='1' data-content-color='#FFF' data-overlay-filter-strength='30' data-emphasis-by-space='1' data-enable-overlapping='' data-block-top-spacing='1' data-block-bottom-spacing='0' data-emphasis-top-spacing='0' data-emphasis-bottom-spacing='0' data-anchor=''\t\t>\n\n\t\t\t\n\t\t\t<div class=\"novablocks-doppler__mask  novablocks-doppler__wrapper\">\n\t\t\t\t<img width=\"1013\" height=\"564\" src=\"https:\/\/anton-dresden.de\/wordpress\/wp-content\/uploads\/2021\/04\/stock_6.jpg\" class=\"novablocks-hero__media  novablocks-doppler__target\" alt=\"\" loading=\"lazy\" style=\"object-position: 50% 50%;\" srcset=\"https:\/\/anton-dresden.de\/wordpress\/wp-content\/uploads\/2021\/04\/stock_6.jpg 1013w, https:\/\/anton-dresden.de\/wordpress\/wp-content\/uploads\/2021\/04\/stock_6-300x167.jpg 300w, https:\/\/anton-dresden.de\/wordpress\/wp-content\/uploads\/2021\/04\/stock_6-768x428.jpg 768w, https:\/\/anton-dresden.de\/wordpress\/wp-content\/uploads\/2021\/04\/stock_6-250x139.jpg 250w, https:\/\/anton-dresden.de\/wordpress\/wp-content\/uploads\/2021\/04\/stock_6-480x267.jpg 480w\" sizes=\"(max-width: 1013px) 100vw, 1013px\" \/>\n\t\t\t\t\t\t\t<\/div>\n            <div class=\"novablocks-hero__foreground novablocks-doppler__foreground novablocks-u-content-padding novablocks-u-content-align\" style=\"min-height: calc(50 * var(--novablocks-1vh, 1vh)); \">\n                <div class=\"novablocks-hero__inner-container wp-block-group__inner-container novablocks-u-content-width\" style=\"\">\n\t\t\t\t\t\n\n<h1 class=\"wp-block-novablocks-headline c-headline has-text-align-center has-larger-font-size\"><span class=\"c-headline__secondary\">unser<\/span> <span class=\"c-headline__primary\">Gew\u00f6lbe<\/span><\/h1>\n\n\n\n<p class=\"is-style-lead\"><\/p>\n\n                <\/div>\n\t\t\t\t            <\/div>\n\n\t\t\t\n        <\/div>\n\n\t\t\n\n\n        <div\n\t\t\tclass=\"novablocks-u-valign-center novablocks-u-halign-center novablocks-media has-image-on-the-right alignfull\"\n\t\t\tstyle=\"--novablocks-block-top-spacing:1;--novablocks-block-bottom-spacing:0;--novablocks-emphasis-top-spacing:0;--novablocks-emphasis-bottom-spacing:0;--emphasis-area:100;--novablocks-media-content-width:50%;--novablocks-media-gutter:calc( 10 * var(--novablocks-media-spacing) * 5 \/ 100 );--card-content-padding: 100;\"\n\t\t\tdata-media-position='right' data-upgraded-to-moderate='1' data-container-height='0' data-defaults-generated='1' data-blobs-enable-mask='' data-blob-sides='3' data-blob-pattern-seed='3' data-blob-complexity='0' data-blob-smoothness='33' data-blob-rotation='0' data-blobs-enable-decoration='' data-blob-mask-sides='3' data-blob-mask-pattern-seed='3' data-blob-mask-complexity='0' data-blob-mask-smoothness='33' data-blob-mask-rotation='0' data-blobs-size-balance='50' data-blobs-horizontal-displacement='50' data-blobs-vertical-displacement='50' data-style-preset='the-cloud-atlas' data-size-contrast='0' data-position-shift='0' data-elements-distance='20' data-placement-variation='25' data-image-rotation='0' data-image-resizing='cropped' data-object-position='50' data-level='2' data-card-title-level='3' data-collection-title-level='2' data-card-media-opacity='100' data-metadata-position='above-title' data-thumbnail-aspect-ratio-string='landscape' data-thumbnail-aspect-ratio='50' data-image-padding='0' data-content-padding='100' data-palette='1' data-palette-variation='1' data-use-source-color-as-reference='' data-color-signal='0' data-content-color-signal='0' data-content-position='center center' data-emphasis-by-space='1' data-enable-overlapping='' data-block-top-spacing='1' data-block-bottom-spacing='0' data-emphasis-top-spacing='0' data-emphasis-bottom-spacing='0' data-layout-gutter='10' data-balance-emphasis='0' data-balance-focal-point='content' data-content-area-width='50' data-content-style='moderate' data-layout-preset='stable' data-template-inserted='' data-emphasis-area='100'\t\t>\n            <div class=\"content-is-moderate novablocks-block sm-palette-1 sm-variation-1 sm-variation-1@below-tablet\">\n\t            <div class=\"wp-block-group__inner-container\">\n\t\t            <div class=\"wp-block alignwide\">\n\t\t                <div class=\"novablocks-media__layout\">\n\t\t\t\t\t\t\t\t\t\t\t\t\t\t\t<div class=\"novablocks-media__content\">\n\t\t\t\t\t\t\t\t\t<div class=\"novablocks-media__inner-container novablocks-block__content sm-palette-1 sm-variation-1\">\n\t\t\t\t\t\t\t\t\t\t\n\n<h2 class=\"wp-block-novablocks-headline c-headline has-text-align-center has-larger-font-size\"><span class=\"c-headline__secondary\">Wundervolles<\/span> <span class=\"c-headline__primary\"><strong>Gew\u00f6lbe<\/strong><\/span><\/h2>\n\n\n\t\t\t<div class=\"wp-block-separator wp-block-separator is-style-flower is-style-simple\">\n                \n        <div class=\"c-separator\">\n            <div class=\"c-separator__arrow c-separator__arrow--left\"><\/div>\n            <div class=\"c-separator__line c-separator__line--left\"><\/div>\n            <div class=\"c-separator__symbol\">\n                <span><svg width=\"31\" height=\"20\" viewBox=\"0 0 31 20\" fill=\"none\" xmlns=\"http:\/\/www.w3.org\/2000\/svg\"><path d=\"M30.721 6.3114c0 .599-.2647 1.1494-.7941 1.651-.5155.5016-1.2679.8777-2.2571 1.1285-5.6984 1.4768-8.7774 2.2153-9.2372 2.2153-.5434 0-.815-.1394-.815-.418 0-.2229.3204-.5294.9613-.9195.2647-.1672 1.1842-.6758 2.7586-1.5257 2.9816-1.6161 4.5072-2.4381 4.5768-2.466 1.3375-.6548 2.4243-.9822 3.2602-.9822 1.031 0 1.5465.4389 1.5465 1.3166zm-4.8485-3.1766c0 .4598-.3553 1.0031-1.0658 1.63-.3901.3345-1.3654 1.059-2.9258 2.1735-2.9676 2.1178-4.6604 3.1766-5.0784 3.1766-.209 0-.3762-.1393-.5016-.418l.2508-.585c.836-.8639 1.7346-1.8531 2.696-2.9677 1.0309-1.1982 1.637-1.8948 1.8181-2.0899 1.4908-1.5743 2.7796-2.3615 3.8663-2.3615.6269 0 .9404.4807.9404 1.442zm-9.0073-.9613c0 .195-.0975.7035-.2926 1.5256l-.7523 2.8422c-.2926 1.0867-.4668 1.9854-.5225 2.6959-.0279.404-.0627.6548-.1045.7523-.0418.1394-.1393.209-.2926.209-.1532 0-.2508-.0627-.2926-.1881 0-.0139-.0278-.195-.0835-.5433-.1394-.8499-.418-2.2292-.836-4.138-.3204-1.4071-.4807-2.4103-.4807-3.0094 0-.7105.1812-1.2748.5434-1.6927.3762-.418.8638-.627 1.4629-.627.4737 0 .8638.209 1.1703.627.3205.404.4807.9195.4807 1.5465zm-3.2602 7.9414c0 .2787-.1463.418-.4389.418-.1253 0-.5782-.3065-1.3584-.9195-.9334-.7245-2.0202-1.658-3.2602-2.8004a185.9607 185.9607 0 0 1-2.4451-2.2362c-.5852-.599-.8777-1.1634-.8777-1.6928 0-.404.1462-.7593.4388-1.0658.3065-.3065.6827-.4598 1.1286-.4598.6966 0 1.3305.3135 1.9017.9404.2648.2787.8011 1.052 1.6092 2.3198 2.2014 3.4134 3.302 5.2456 3.302 5.4963zm3.9081 3.4065c0 .5155-.209.9265-.627 1.233-.3065.209-.6061.411-.8986.6061-.209.2508-.3135 1.1982-.3135 2.8422 0 .6688-.0209 1.1146-.0627 1.3375-.0697.3065-.216.4598-.4389.4598-.195 0-.3135-.3622-.3553-1.0867-.0975-1.853-.1672-2.9955-.209-3.4274-.4597-.3344-.8289-.7245-1.1076-1.1703-.2229-.3762-.3344-.6827-.3344-.9196 0-.5573.2021-1.0449.6061-1.4629.418-.4319.8917-.6478 1.4211-.6478.6688 0 1.2191.2159 1.651.6478.4458.4319.6688.9614.6688 1.5883zm-5.2874-2.2361c0 .2925-.1184.4388-.3553.4388-.2368 0-.7036-.1184-1.4002-.3552a545.5275 545.5275 0 0 0-2.5705-.8778C4.8764 9.488 2.9119 8.7565 2.0063 8.2968.6688 7.614 0 6.8478 0 5.9979c0-.8917.627-1.3375 1.8809-1.3375.5015 0 1.3862.3901 2.6541 1.1703 1.0031.627 2.6193 1.7416 4.8485 3.3438.1672.1115.8568.5852 2.069 1.4211.5155.3483.7732.5782.7732.6897z\" fill=\"currentColor\"\/><\/svg>\n<\/span>\n            <\/div>\n            <div class=\"c-separator__line c-separator__line--right\"><\/div>\n            <div class=\"c-separator__arrow c-separator__arrow--right\"><\/div>\n        <\/div>\n\t\t\t\t\t<\/div>\n\t\t\n\n\n<p>Sie planen eine Feier und suchen noch das passende Ambiente? Unser Gew\u00f6lbe bietet den perfekten Rahmen! Verbringen Sie sch\u00f6ne Stunden im Kreise der Familie, ein lockeres Zusammensein mit Freunden oder ihr Chef m\u00f6chte sich bei Ihnen und Ihren Kollegen mal bedanken, wir richten uns nach Ihren W\u00fcnschen und beraten Sie gern.<br><br>Speziell f\u00fcr solche Anl\u00e4sse haben wir unsere Buffetvarianten f\u00fcr jedes Buffet und jede Geschmacksrichtung f\u00fcr Sie bereit gestellt.<\/p>\n\n\n\n<p>Anmietung Gew\u00f6lbe zum Speisen und Trinken 100 \u20ac, diese entf\u00e4llt ab einem Umsatz von mindestens 500 \u20ac.<br>Unser Gew\u00f6lbe kann auch f\u00fcr Partys genutzt werden, hierbei betr\u00e4gt die Anmietung 150\u20ac zzgl. 100\u20ac Kaution.&nbsp;<\/p>\n\n\n\n<div class=\"wp-block-button aligncenter is-style-text\"><a class=\"wp-block-button__link\" href=\"https:\/\/anton-dresden.de\/?page_id=2282\">Buffet &amp; verk\u00fcrzte Karte<\/a><\/div>\n\n\t\t\t\t\t\t\t\t\t<\/div>\n\t\t\t\t\t\t\t\t<\/div>\n\t\t\t\t\t\t\t\t\t                    <div class=\"novablocks-media__aside\">\n\t\t\t                    <div class=\"novablocks-advanced-gallery\" data-media-position='right' data-upgraded-to-moderate='1' data-container-height='0' data-defaults-generated='1' data-blobs-enable-mask='' data-blob-sides='3' data-blob-pattern-seed='3' data-blob-complexity='0' data-blob-smoothness='33' data-blob-rotation='0' data-blobs-enable-decoration='' data-blob-mask-sides='3' data-blob-mask-pattern-seed='3' data-blob-mask-complexity='0' data-blob-mask-smoothness='33' data-blob-mask-rotation='0' data-blobs-size-balance='50' data-blobs-horizontal-displacement='50' data-blobs-vertical-displacement='50' data-style-preset='the-cloud-atlas' data-size-contrast='0' data-position-shift='0' data-elements-distance='20' data-placement-variation='25' data-image-rotation='0' data-image-resizing='cropped' data-object-position='50' data-level='2' data-card-title-level='3' data-collection-title-level='2' data-card-media-opacity='100' data-metadata-position='above-title' data-thumbnail-aspect-ratio-string='landscape' data-thumbnail-aspect-ratio='50' data-image-padding='0' data-content-padding='100' data-palette='1' data-palette-variation='1' data-use-source-color-as-reference='' data-color-signal='0' data-content-color-signal='0' data-content-position='center center' data-emphasis-by-space='1' data-enable-overlapping='' data-block-top-spacing='1' data-block-bottom-spacing='0' data-emphasis-top-spacing='0' data-emphasis-bottom-spacing='0' data-layout-gutter='10' data-balance-emphasis='0' data-balance-focal-point='content' data-content-area-width='50' data-content-style='moderate' data-layout-preset='stable' data-template-inserted='' data-emphasis-area='100' style=\"--novablocks-advanced-gallery-aspect-ratio: 25%\"><div class=\"novablocks-advanced-gallery__grid\"><div class=\"novablocks-advanced-gallery__grid-item\"><div class=\"novablocks-advanced-gallery__grid-item-media\"><img class=\"novablocks-advanced-gallery__image\" src=\"https:\/\/anton-dresden.de\/wordpress\/wp-content\/uploads\/2016\/03\/kellergewoelbe_heller_04.jpg\" \/><\/div><\/div><\/div><\/div>\t\t                    <\/div>\n\t\t                <\/div>\n\t\t            <\/div>\n\t            <\/div>\n            <\/div>\n        <\/div>\n\n\t\t","protected":false},"excerpt":{"rendered":"","protected":false},"author":1,"featured_media":1323,"parent":0,"menu_order":0,"comment_status":"closed","ping_status":"closed","template":"","meta":{"novablocks_hero_scroll_indicator":false,"novablocks_hero_position_indicators":false},"_links":{"self":[{"href":"https:\/\/anton-dresden.de\/index.php?rest_route=\/wp\/v2\/pages\/1829"}],"collection":[{"href":"https:\/\/anton-dresden.de\/index.php?rest_route=\/wp\/v2\/pages"}],"about":[{"href":"https:\/\/anton-dresden.de\/index.php?rest_route=\/wp\/v2\/types\/page"}],"author":[{"embeddable":true,"href":"https:\/\/anton-dresden.de\/index.php?rest_route=\/wp\/v2\/users\/1"}],"replies":[{"embeddable":true,"href":"https:\/\/anton-dresden.de\/index.php?rest_route=%2Fwp%2Fv2%2Fcomments&post=1829"}],"version-history":[{"count":47,"href":"https:\/\/anton-dresden.de\/index.php?rest_route=\/wp\/v2\/pages\/1829\/revisions"}],"predecessor-version":[{"id":2736,"href":"https:\/\/anton-dresden.de\/index.php?rest_route=\/wp\/v2\/pages\/1829\/revisions\/2736"}],"wp:featuredmedia":[{"embeddable":true,"href":"https:\/\/anton-dresden.de\/index.php?rest_route=\/wp\/v2\/media\/1323"}],"wp:attachment":[{"href":"https:\/\/anton-dresden.de\/index.php?rest_route=%2Fwp%2Fv2%2Fmedia&parent=1829"}],"curies":[{"name":"wp","href":"https:\/\/api.w.org\/{rel}","templated":true}]}}